{"id":9313,"date":"2025-06-04T11:23:06","date_gmt":"2025-06-04T17:23:06","guid":{"rendered":"https:\/\/finanzasconfiables.com\/?page_id=9313"},"modified":"2025-08-28T15:53:13","modified_gmt":"2025-08-28T21:53:13","slug":"asesorias","status":"publish","type":"page","link":"https:\/\/finanzasconfiables.com\/eng\/asesorias\/","title":{"rendered":"Advisory"},"content":{"rendered":"<div data-elementor-type=\"wp-page\" data-elementor-id=\"9313\" class=\"elementor elementor-9313\" data-elementor-post-type=\"page\">\n\t\t\t\t<div class=\"elementor-element elementor-element-7a3961a e-flex e-con-boxed e-con e-parent\" data-id=\"7a3961a\" data-element_type=\"container\" data-e-type=\"container\">\n\t\t\t\t\t<div class=\"e-con-inner\">\n\t\t\t\t<div class=\"elementor-element elementor-element-a5144a4 elementor-widget elementor-widget-heading\" data-id=\"a5144a4\" data-element_type=\"widget\" data-e-type=\"widget\" data-widget_type=\"heading.default\">\n\t\t\t\t<div class=\"elementor-widget-container\">\n\t\t\t\t\t<h3 class=\"elementor-heading-title elementor-size-default\">Do you need personalized advice?<\/h3>\t\t\t\t<\/div>\n\t\t\t\t<\/div>\n\t\t\t\t\t<\/div>\n\t\t\t\t<\/div>\n\t\t<div class=\"elementor-element elementor-element-a9d915e e-flex e-con-boxed e-con e-parent\" data-id=\"a9d915e\" data-element_type=\"container\" data-e-type=\"container\">\n\t\t\t\t\t<div class=\"e-con-inner\">\n\t\t\t\t<div class=\"elementor-element elementor-element-896b000 elementor-widget elementor-widget-heading\" data-id=\"896b000\" data-element_type=\"widget\" data-e-type=\"widget\" data-widget_type=\"heading.default\">\n\t\t\t\t<div class=\"elementor-widget-container\">\n\t\t\t\t\t<h6 class=\"elementor-heading-title elementor-size-default\">Book a one-on-one session with our experts and receive guidance tailored to your needs.<\/h6>\t\t\t\t<\/div>\n\t\t\t\t<\/div>\n\t\t\t\t\t<\/div>\n\t\t\t\t<\/div>\n\t\t<div class=\"elementor-element elementor-element-770f454 e-flex e-con-boxed e-con e-parent\" data-id=\"770f454\" data-element_type=\"container\" data-e-type=\"container\">\n\t\t\t\t\t<div class=\"e-con-inner\">\n\t\t\t\t<div class=\"elementor-element elementor-element-569a5a7 elementor-widget elementor-widget-stepbooking\" data-id=\"569a5a7\" data-element_type=\"widget\" data-e-type=\"widget\" data-widget_type=\"stepbooking.default\">\n\t\t\t\t<div class=\"elementor-widget-container\">\n\t\t\t\t\t\n<script>\n  if (typeof hasAmeliaEntitiesApiCall === 'undefined' && ('' === '' && '' !== '1')) {\n    var hasAmeliaEntitiesApiCall = true;\n  }\n  var ameliaShortcodeData = (typeof ameliaShortcodeData === 'undefined') ? [] : ameliaShortcodeData;\n  ameliaShortcodeData.push(\n    {\n      'hasApiCall': (typeof hasAmeliaEntitiesApiCall !== 'undefined') && hasAmeliaEntitiesApiCall,\n      'trigger': '',\n      'trigger_type': '',\n      'triggered_form': 'sbsNew',\n      'in_dialog': '',\n      'show': '',\n      'counter': '1000',\n      'category': '',\n      'service': '1,2',\n      'employee': '',\n      'location': '',\n      'package': '',\n      'layout': '2',\n    }\n  );\n\n  var ameliaShortcodeDataTriggered = (typeof ameliaShortcodeDataTriggered === 'undefined') ? [] : ameliaShortcodeDataTriggered;\n  if (ameliaShortcodeData[ameliaShortcodeData.length - 1].trigger !== '') {\n    if (ameliaShortcodeDataTriggered.filter(a => a.counter === ameliaShortcodeData[ameliaShortcodeData.length - 1].counter).length === 0) {\n      ameliaShortcodeDataTriggered.push(ameliaShortcodeData.pop());\n    } else {\n      ameliaShortcodeData.pop()\n    }\n  }\n  if (typeof hasAmeliaEntitiesApiCall !== 'undefined' && hasAmeliaEntitiesApiCall) {\n    hasAmeliaEntitiesApiCall = false;\n  }\n<\/script>\n\n<div\n  id=\"amelia-v2-booking-1000\"\n  class=\"amelia-v2-booking\"\n >\n    <step-form-wrapper><\/step-form-wrapper><\/div>\n\t\t\t\t<\/div>\n\t\t\t\t<\/div>\n\t\t\t\t\t<\/div>\n\t\t\t\t<\/div>\n\t\t<div class=\"elementor-element elementor-element-6e78497 e-grid e-con-boxed e-con e-parent\" data-id=\"6e78497\" data-element_type=\"container\" data-e-type=\"container\">\n\t\t\t\t\t<div class=\"e-con-inner\">\n\t\t<div class=\"elementor-element elementor-element-38685ab e-con-full e-flex e-con e-child\" data-id=\"38685ab\" data-element_type=\"container\" data-e-type=\"container\">\n\t\t\t\t<div class=\"elementor-element elementor-element-0c18744 elementor-widget elementor-widget-image\" data-id=\"0c18744\" data-element_type=\"widget\" data-e-type=\"widget\" data-widget_type=\"image.default\">\n\t\t\t\t<div class=\"elementor-widget-container\">\n\t\t\t\t\t\t\t\t\t\t\t\t\t\t\t<img fetchpriority=\"high\" decoding=\"async\" width=\"1196\" height=\"989\" src=\"https:\/\/finanzasconfiables.com\/wp-content\/uploads\/2025\/07\/WhatsApp-Image-2025-07-16-at-12.07.07-PM.jpeg\" class=\"elementor-animation-float attachment-large size-large wp-image-10838\" alt=\"\" srcset=\"https:\/\/finanzasconfiables.com\/wp-content\/uploads\/2025\/07\/WhatsApp-Image-2025-07-16-at-12.07.07-PM.jpeg 1196w, https:\/\/finanzasconfiables.com\/wp-content\/uploads\/2025\/07\/WhatsApp-Image-2025-07-16-at-12.07.07-PM-768x635.jpeg 768w, https:\/\/finanzasconfiables.com\/wp-content\/uploads\/2025\/07\/WhatsApp-Image-2025-07-16-at-12.07.07-PM-15x12.jpeg 15w, https:\/\/finanzasconfiables.com\/wp-content\/uploads\/2025\/07\/WhatsApp-Image-2025-07-16-at-12.07.07-PM-300x248.jpeg 300w, https:\/\/finanzasconfiables.com\/wp-content\/uploads\/2025\/07\/WhatsApp-Image-2025-07-16-at-12.07.07-PM-600x496.jpeg 600w\" sizes=\"(max-width: 1196px) 100vw, 1196px\" \/>\t\t\t\t\t\t\t\t\t\t\t\t\t\t\t<\/div>\n\t\t\t\t<\/div>\n\t\t\t\t<div class=\"elementor-element elementor-element-63a6110 elementor-widget elementor-widget-heading\" data-id=\"63a6110\" data-element_type=\"widget\" data-e-type=\"widget\" data-widget_type=\"heading.default\">\n\t\t\t\t<div class=\"elementor-widget-container\">\n\t\t\t\t\t<h4 class=\"elementor-heading-title elementor-size-default\">Personalized Consulting<\/h4>\t\t\t\t<\/div>\n\t\t\t\t<\/div>\n\t\t\t\t<div class=\"elementor-element elementor-element-02010f9 elementor-widget elementor-widget-text-editor\" data-id=\"02010f9\" data-element_type=\"widget\" data-e-type=\"widget\" data-widget_type=\"text-editor.default\">\n\t\t\t\t<div class=\"elementor-widget-container\">\n\t\t\t\t\t\t\t\t\t<p>The problem you're facing today<\/p><p>The problem you're facing today:\n78% of people live paycheck to paycheck without a clear financial plan. You earn money, but don\u2019t know how to multiply it, protect it, or make it work for you. Every month without a strategy is money lost forever.<\/p><p>Services that transform your situation:<\/p><p>Accounting: Without organized accounting, making smart financial decisions is impossible. We help you with personal\/professional accounting organization, CFDI review, electronic accounting, and tax refunds.<\/p><ul><li>\u2022\u202fTax: Selection of tax regime, monthly\/annual returns, balance recovery, tax planning, regularization.<\/li><li>\u2022\u202fFinancial: Financial education, analysis of personal cash flow.<\/li><li>\u2022\u202fLabor: IMSS consulting, pension calculations, payroll review, freelance contracts.<\/li><li>\u2022\u202fLegal: Review of personal contracts.<\/li><\/ul><p>\u2022\u202fAI: Implementation of artificial intelligence tools to optimize your processes.<\/p><p>Available formats:<\/p><ul><li>\u2022\u202fZoom: One-on-one sessions<\/li><li>\u2022\u202fWhatsApp: Quick consultations and direct follow-up<\/li><li>\u2022\u202fEmail: Detailed responses and documentation<\/li><li>n-person: Meetings in Guadalajara<\/li><\/ul>\t\t\t\t\t\t\t\t<\/div>\n\t\t\t\t<\/div>\n\t\t\t\t<\/div>\n\t\t<div class=\"elementor-element elementor-element-263be6e e-con-full e-flex e-con e-child\" data-id=\"263be6e\" data-element_type=\"container\" data-e-type=\"container\">\n\t\t\t\t<div class=\"elementor-element elementor-element-f465dc7 elementor-widget elementor-widget-image\" data-id=\"f465dc7\" data-element_type=\"widget\" data-e-type=\"widget\" data-widget_type=\"image.default\">\n\t\t\t\t<div class=\"elementor-widget-container\">\n\t\t\t\t\t\t\t\t\t\t\t\t\t\t\t<img decoding=\"async\" width=\"1196\" height=\"989\" src=\"https:\/\/finanzasconfiables.com\/wp-content\/uploads\/2025\/07\/WhatsApp-Image-2025-07-16-at-12.35.49-PM.jpeg\" class=\"elementor-animation-float attachment-large size-large wp-image-10837\" alt=\"\" srcset=\"https:\/\/finanzasconfiables.com\/wp-content\/uploads\/2025\/07\/WhatsApp-Image-2025-07-16-at-12.35.49-PM.jpeg 1196w, https:\/\/finanzasconfiables.com\/wp-content\/uploads\/2025\/07\/WhatsApp-Image-2025-07-16-at-12.35.49-PM-768x635.jpeg 768w, https:\/\/finanzasconfiables.com\/wp-content\/uploads\/2025\/07\/WhatsApp-Image-2025-07-16-at-12.35.49-PM-15x12.jpeg 15w, https:\/\/finanzasconfiables.com\/wp-content\/uploads\/2025\/07\/WhatsApp-Image-2025-07-16-at-12.35.49-PM-300x248.jpeg 300w, https:\/\/finanzasconfiables.com\/wp-content\/uploads\/2025\/07\/WhatsApp-Image-2025-07-16-at-12.35.49-PM-600x496.jpeg 600w\" sizes=\"(max-width: 1196px) 100vw, 1196px\" \/>\t\t\t\t\t\t\t\t\t\t\t\t\t\t\t<\/div>\n\t\t\t\t<\/div>\n\t\t\t\t<div class=\"elementor-element elementor-element-1f6e259 elementor-widget elementor-widget-heading\" data-id=\"1f6e259\" data-element_type=\"widget\" data-e-type=\"widget\" data-widget_type=\"heading.default\">\n\t\t\t\t<div class=\"elementor-widget-container\">\n\t\t\t\t\t<h4 class=\"elementor-heading-title elementor-size-default\">Business Consulting<\/h4>\t\t\t\t<\/div>\n\t\t\t\t<\/div>\n\t\t\t\t<div class=\"elementor-element elementor-element-8a12319 elementor-widget elementor-widget-text-editor\" data-id=\"8a12319\" data-element_type=\"widget\" data-e-type=\"widget\" data-widget_type=\"text-editor.default\">\n\t\t\t\t<div class=\"elementor-widget-container\">\n\t\t\t\t\t\t\t\t\t<p>The problem killing your business:<\/p><p>9 out of 10 businesses fail due to weak financial systems. You make sales but don\u2019t really know how much you earn. Your cash flow is unpredictable, and your decisions are based on \u201cgut feeling\u201d that ends up costing you thousands.<\/p><p>Services that save your business:<\/p><ul><li>Accounting: Poor accounting is the slow death of any business. We implement comprehensive diagnostics, internal control, automation, training, and financial analysis to give you total control over your numbers.<\/li><li>\u202fTax: Tax compliance, deduction reviews, VAT refunds, strategic planning, CFDI validation.<\/li><li>\u202fFinancial: Business diagnostics, cash flow projections, break-even analysis, profit improvement, business valuation.<\/li><li>Labor: LFT compliance, payrolls, labor audits, REPSE registration.<\/li><li>\u202fLegal: Company formation, commercial contracts, corporate compliance, tax\/labor defense.<\/li><\/ul><div>\u00a0<\/div><div>\u00a0<\/div><p>Available formats:<\/p><ul><li>\u2022\u202fZoom: Executive meetings with your team<\/li><li>\u202fWhatsApp: Direct and immediate support<\/li><li>\u202fEmail: Formal communication and follow-up<\/li><li>\u202fIn-person: In-house consulting in Guadalajara<\/li><\/ul>\t\t\t\t\t\t\t\t<\/div>\n\t\t\t\t<\/div>\n\t\t\t\t<\/div>\n\t\t\t\t\t<\/div>\n\t\t\t\t<\/div>\n\t\t\t\t<\/div>","protected":false},"excerpt":{"rendered":"<p>\u00bfNecesitas Asesor\u00eda Personalizada? Reserva una sesi\u00f3n 1 a 1 con nuestros expertos y recibe orientaci\u00f3n espec\u00edfica para tus necesidades. Asesor\u00eda [&hellip;]<\/p>","protected":false},"author":330,"featured_media":0,"parent":0,"menu_order":0,"comment_status":"closed","ping_status":"closed","template":"","meta":{"footnotes":""},"class_list":["post-9313","page","type-page","status-publish","hentry"],"yoast_head":"<!-- This site is optimized with the Yoast SEO plugin v27.5 - https:\/\/yoast.com\/product\/yoast-seo-wordpress\/ -->\n<title>Asesor\u00edas - Finanzas Confiables<\/title>\n<meta name=\"robots\" content=\"index, follow, max-snippet:-1, max-image-preview:large, max-video-preview:-1\" \/>\n<link rel=\"canonical\" href=\"https:\/\/finanzasconfiables.com\/eng\/asesorias\/\" \/>\n<meta property=\"og:locale\" content=\"en_US\" \/>\n<meta property=\"og:type\" content=\"article\" \/>\n<meta property=\"og:title\" content=\"Asesor\u00edas - Finanzas Confiables\" \/>\n<meta property=\"og:description\" content=\"\u00bfNecesitas Asesor\u00eda Personalizada? Reserva una sesi\u00f3n 1 a 1 con nuestros expertos y recibe orientaci\u00f3n espec\u00edfica para tus necesidades. Asesor\u00eda [&hellip;]\" \/>\n<meta property=\"og:url\" content=\"https:\/\/finanzasconfiables.com\/eng\/asesorias\/\" \/>\n<meta property=\"og:site_name\" content=\"Finanzas Confiables\" \/>\n<meta property=\"article:publisher\" content=\"https:\/\/www.facebook.com\/FinanzasCapacitacion\" \/>\n<meta property=\"article:modified_time\" content=\"2025-08-28T21:53:13+00:00\" \/>\n<meta property=\"og:image\" content=\"https:\/\/finanzasconfiables.com\/wp-content\/uploads\/2025\/07\/WhatsApp-Image-2025-07-16-at-12.07.07-PM.jpeg\" \/>\n<meta name=\"twitter:card\" content=\"summary_large_image\" \/>\n<meta name=\"twitter:label1\" content=\"Est. reading time\" \/>\n\t<meta name=\"twitter:data1\" content=\"2 minutes\" \/>\n<script type=\"application\/ld+json\" class=\"yoast-schema-graph\">{\"@context\":\"https:\\\/\\\/schema.org\",\"@graph\":[{\"@type\":\"WebPage\",\"@id\":\"https:\\\/\\\/finanzasconfiables.com\\\/eng\\\/asesorias\\\/\",\"url\":\"https:\\\/\\\/finanzasconfiables.com\\\/eng\\\/asesorias\\\/\",\"name\":\"Asesor\u00edas - Finanzas Confiables\",\"isPartOf\":{\"@id\":\"https:\\\/\\\/finanzasconfiables.com\\\/#website\"},\"primaryImageOfPage\":{\"@id\":\"https:\\\/\\\/finanzasconfiables.com\\\/eng\\\/asesorias\\\/#primaryimage\"},\"image\":{\"@id\":\"https:\\\/\\\/finanzasconfiables.com\\\/eng\\\/asesorias\\\/#primaryimage\"},\"thumbnailUrl\":\"https:\\\/\\\/finanzasconfiables.com\\\/wp-content\\\/uploads\\\/2025\\\/07\\\/WhatsApp-Image-2025-07-16-at-12.07.07-PM.jpeg\",\"datePublished\":\"2025-06-04T17:23:06+00:00\",\"dateModified\":\"2025-08-28T21:53:13+00:00\",\"breadcrumb\":{\"@id\":\"https:\\\/\\\/finanzasconfiables.com\\\/eng\\\/asesorias\\\/#breadcrumb\"},\"inLanguage\":\"en-US\",\"potentialAction\":[{\"@type\":\"ReadAction\",\"target\":[\"https:\\\/\\\/finanzasconfiables.com\\\/eng\\\/asesorias\\\/\"]}]},{\"@type\":\"ImageObject\",\"inLanguage\":\"en-US\",\"@id\":\"https:\\\/\\\/finanzasconfiables.com\\\/eng\\\/asesorias\\\/#primaryimage\",\"url\":\"https:\\\/\\\/finanzasconfiables.com\\\/wp-content\\\/uploads\\\/2025\\\/07\\\/WhatsApp-Image-2025-07-16-at-12.07.07-PM.jpeg\",\"contentUrl\":\"https:\\\/\\\/finanzasconfiables.com\\\/wp-content\\\/uploads\\\/2025\\\/07\\\/WhatsApp-Image-2025-07-16-at-12.07.07-PM.jpeg\"},{\"@type\":\"BreadcrumbList\",\"@id\":\"https:\\\/\\\/finanzasconfiables.com\\\/eng\\\/asesorias\\\/#breadcrumb\",\"itemListElement\":[{\"@type\":\"ListItem\",\"position\":1,\"name\":\"Portada\",\"item\":\"https:\\\/\\\/finanzasconfiables.com\\\/eng\\\/\"},{\"@type\":\"ListItem\",\"position\":2,\"name\":\"Asesor\u00edas\"}]},{\"@type\":\"WebSite\",\"@id\":\"https:\\\/\\\/finanzasconfiables.com\\\/#website\",\"url\":\"https:\\\/\\\/finanzasconfiables.com\\\/\",\"name\":\"Finanzas Confiables\",\"description\":\"Capacitaci\u00f3n\",\"publisher\":{\"@id\":\"https:\\\/\\\/finanzasconfiables.com\\\/#organization\"},\"alternateName\":\"Contadores y Fiscalistas\",\"potentialAction\":[{\"@type\":\"SearchAction\",\"target\":{\"@type\":\"EntryPoint\",\"urlTemplate\":\"https:\\\/\\\/finanzasconfiables.com\\\/?s={search_term_string}\"},\"query-input\":{\"@type\":\"PropertyValueSpecification\",\"valueRequired\":true,\"valueName\":\"search_term_string\"}}],\"inLanguage\":\"en-US\"},{\"@type\":\"Organization\",\"@id\":\"https:\\\/\\\/finanzasconfiables.com\\\/#organization\",\"name\":\"Finanzas Confiables\",\"url\":\"https:\\\/\\\/finanzasconfiables.com\\\/\",\"logo\":{\"@type\":\"ImageObject\",\"inLanguage\":\"en-US\",\"@id\":\"https:\\\/\\\/finanzasconfiables.com\\\/#\\\/schema\\\/logo\\\/image\\\/\",\"url\":\"https:\\\/\\\/finanzasconfiables.com\\\/wp-content\\\/uploads\\\/2021\\\/12\\\/LOGO-4-FINANZAS-CONFIABLES-1.png\",\"contentUrl\":\"https:\\\/\\\/finanzasconfiables.com\\\/wp-content\\\/uploads\\\/2021\\\/12\\\/LOGO-4-FINANZAS-CONFIABLES-1.png\",\"width\":897,\"height\":598,\"caption\":\"Finanzas Confiables\"},\"image\":{\"@id\":\"https:\\\/\\\/finanzasconfiables.com\\\/#\\\/schema\\\/logo\\\/image\\\/\"},\"sameAs\":[\"https:\\\/\\\/www.facebook.com\\\/FinanzasCapacitacion\",\"https:\\\/\\\/www.instagram.com\\\/finanzasconfiables\\\/\"]}]}<\/script>\n<!-- \/ Yoast SEO plugin. -->","yoast_head_json":{"title":"Asesor\u00edas - Finanzas Confiables","robots":{"index":"index","follow":"follow","max-snippet":"max-snippet:-1","max-image-preview":"max-image-preview:large","max-video-preview":"max-video-preview:-1"},"canonical":"https:\/\/finanzasconfiables.com\/eng\/asesorias\/","og_locale":"en_US","og_type":"article","og_title":"Asesor\u00edas - Finanzas Confiables","og_description":"\u00bfNecesitas Asesor\u00eda Personalizada? Reserva una sesi\u00f3n 1 a 1 con nuestros expertos y recibe orientaci\u00f3n espec\u00edfica para tus necesidades. Asesor\u00eda [&hellip;]","og_url":"https:\/\/finanzasconfiables.com\/eng\/asesorias\/","og_site_name":"Finanzas Confiables","article_publisher":"https:\/\/www.facebook.com\/FinanzasCapacitacion","article_modified_time":"2025-08-28T21:53:13+00:00","og_image":[{"url":"https:\/\/finanzasconfiables.com\/wp-content\/uploads\/2025\/07\/WhatsApp-Image-2025-07-16-at-12.07.07-PM.jpeg","type":"","width":"","height":""}],"twitter_card":"summary_large_image","twitter_misc":{"Est. reading time":"2 minutes"},"schema":{"@context":"https:\/\/schema.org","@graph":[{"@type":"WebPage","@id":"https:\/\/finanzasconfiables.com\/eng\/asesorias\/","url":"https:\/\/finanzasconfiables.com\/eng\/asesorias\/","name":"Asesor\u00edas - Finanzas Confiables","isPartOf":{"@id":"https:\/\/finanzasconfiables.com\/#website"},"primaryImageOfPage":{"@id":"https:\/\/finanzasconfiables.com\/eng\/asesorias\/#primaryimage"},"image":{"@id":"https:\/\/finanzasconfiables.com\/eng\/asesorias\/#primaryimage"},"thumbnailUrl":"https:\/\/finanzasconfiables.com\/wp-content\/uploads\/2025\/07\/WhatsApp-Image-2025-07-16-at-12.07.07-PM.jpeg","datePublished":"2025-06-04T17:23:06+00:00","dateModified":"2025-08-28T21:53:13+00:00","breadcrumb":{"@id":"https:\/\/finanzasconfiables.com\/eng\/asesorias\/#breadcrumb"},"inLanguage":"en-US","potentialAction":[{"@type":"ReadAction","target":["https:\/\/finanzasconfiables.com\/eng\/asesorias\/"]}]},{"@type":"ImageObject","inLanguage":"en-US","@id":"https:\/\/finanzasconfiables.com\/eng\/asesorias\/#primaryimage","url":"https:\/\/finanzasconfiables.com\/wp-content\/uploads\/2025\/07\/WhatsApp-Image-2025-07-16-at-12.07.07-PM.jpeg","contentUrl":"https:\/\/finanzasconfiables.com\/wp-content\/uploads\/2025\/07\/WhatsApp-Image-2025-07-16-at-12.07.07-PM.jpeg"},{"@type":"BreadcrumbList","@id":"https:\/\/finanzasconfiables.com\/eng\/asesorias\/#breadcrumb","itemListElement":[{"@type":"ListItem","position":1,"name":"Portada","item":"https:\/\/finanzasconfiables.com\/eng\/"},{"@type":"ListItem","position":2,"name":"Asesor\u00edas"}]},{"@type":"WebSite","@id":"https:\/\/finanzasconfiables.com\/#website","url":"https:\/\/finanzasconfiables.com\/","name":"Finanzas Confiables","description":"Capacitaci\u00f3n","publisher":{"@id":"https:\/\/finanzasconfiables.com\/#organization"},"alternateName":"Contadores y Fiscalistas","potentialAction":[{"@type":"SearchAction","target":{"@type":"EntryPoint","urlTemplate":"https:\/\/finanzasconfiables.com\/?s={search_term_string}"},"query-input":{"@type":"PropertyValueSpecification","valueRequired":true,"valueName":"search_term_string"}}],"inLanguage":"en-US"},{"@type":"Organization","@id":"https:\/\/finanzasconfiables.com\/#organization","name":"Finanzas Confiables","url":"https:\/\/finanzasconfiables.com\/","logo":{"@type":"ImageObject","inLanguage":"en-US","@id":"https:\/\/finanzasconfiables.com\/#\/schema\/logo\/image\/","url":"https:\/\/finanzasconfiables.com\/wp-content\/uploads\/2021\/12\/LOGO-4-FINANZAS-CONFIABLES-1.png","contentUrl":"https:\/\/finanzasconfiables.com\/wp-content\/uploads\/2021\/12\/LOGO-4-FINANZAS-CONFIABLES-1.png","width":897,"height":598,"caption":"Finanzas Confiables"},"image":{"@id":"https:\/\/finanzasconfiables.com\/#\/schema\/logo\/image\/"},"sameAs":["https:\/\/www.facebook.com\/FinanzasCapacitacion","https:\/\/www.instagram.com\/finanzasconfiables\/"]}]}},"_links":{"self":[{"href":"https:\/\/finanzasconfiables.com\/eng\/wp-json\/wp\/v2\/pages\/9313","targetHints":{"allow":["GET"]}}],"collection":[{"href":"https:\/\/finanzasconfiables.com\/eng\/wp-json\/wp\/v2\/pages"}],"about":[{"href":"https:\/\/finanzasconfiables.com\/eng\/wp-json\/wp\/v2\/types\/page"}],"author":[{"embeddable":true,"href":"https:\/\/finanzasconfiables.com\/eng\/wp-json\/wp\/v2\/users\/330"}],"replies":[{"embeddable":true,"href":"https:\/\/finanzasconfiables.com\/eng\/wp-json\/wp\/v2\/comments?post=9313"}],"version-history":[{"count":115,"href":"https:\/\/finanzasconfiables.com\/eng\/wp-json\/wp\/v2\/pages\/9313\/revisions"}],"predecessor-version":[{"id":11546,"href":"https:\/\/finanzasconfiables.com\/eng\/wp-json\/wp\/v2\/pages\/9313\/revisions\/11546"}],"wp:attachment":[{"href":"https:\/\/finanzasconfiables.com\/eng\/wp-json\/wp\/v2\/media?parent=9313"}],"curies":[{"name":"wp","href":"https:\/\/api.w.org\/{rel}","templated":true}]}}