{"id":11992,"date":"2025-10-22T10:32:24","date_gmt":"2025-10-22T16:32:24","guid":{"rendered":"https:\/\/finanzasconfiables.com\/?page_id=11992"},"modified":"2026-01-15T13:18:05","modified_gmt":"2026-01-15T19:18:05","slug":"posgrados","status":"publish","type":"page","link":"https:\/\/finanzasconfiables.com\/eng\/posgrados\/","title":{"rendered":""},"content":{"rendered":"<div data-elementor-type=\"wp-page\" data-elementor-id=\"11992\" class=\"elementor elementor-11992\" data-elementor-post-type=\"page\">\n\t\t\t\t<div class=\"elementor-element elementor-element-008276e e-flex e-con-boxed e-con e-parent\" data-id=\"008276e\" data-element_type=\"container\" data-e-type=\"container\">\n\t\t\t\t\t<div class=\"e-con-inner\">\n\t\t\t\t<div class=\"elementor-element elementor-element-cdda2c7 elementor-headline--style-highlight elementor-widget elementor-widget-animated-headline\" data-id=\"cdda2c7\" data-element_type=\"widget\" data-e-type=\"widget\" data-settings=\"{&quot;marker&quot;:&quot;double_underline&quot;,&quot;highlighted_text&quot;:&quot; PR\\u00d3XIMAMENTE&quot;,&quot;headline_style&quot;:&quot;highlight&quot;,&quot;loop&quot;:&quot;yes&quot;,&quot;highlight_animation_duration&quot;:1200,&quot;highlight_iteration_delay&quot;:8000}\" data-widget_type=\"animated-headline.default\">\n\t\t\t\t<div class=\"elementor-widget-container\">\n\t\t\t\t\t\t\t<h3 class=\"elementor-headline\">\n\t\t\t\t\t<span class=\"elementor-headline-plain-text elementor-headline-text-wrapper\">\ud83d\udcd8<\/span>\n\t\t\t\t<span class=\"elementor-headline-dynamic-wrapper elementor-headline-text-wrapper\">\n\t\t\t\t\t<span class=\"elementor-headline-dynamic-text elementor-headline-text-active\"> PR\u00d3XIMAMENTE<\/span>\n\t\t\t\t<\/span>\n\t\t\t\t<\/h3>\n\t\t\t\t\t\t<\/div>\n\t\t\t\t<\/div>\n\t\t\t\t<div class=\"elementor-element elementor-element-e2e8842 elementor-widget elementor-widget-heading\" data-id=\"e2e8842\" data-element_type=\"widget\" data-e-type=\"widget\" data-widget_type=\"heading.default\">\n\t\t\t\t<div class=\"elementor-widget-container\">\n\t\t\t\t\t<h2 class=\"elementor-heading-title elementor-size-default\">\"Espera nuestra maestr\u00eda en colaboraci\u00f3n con nuestro aliado.\"<\/h2>\t\t\t\t<\/div>\n\t\t\t\t<\/div>\n\t\t\t\t<div class=\"elementor-element elementor-element-2cb356d elementor-widget-divider--view-line elementor-widget elementor-widget-divider\" data-id=\"2cb356d\" data-element_type=\"widget\" data-e-type=\"widget\" data-widget_type=\"divider.default\">\n\t\t\t\t<div class=\"elementor-widget-container\">\n\t\t\t\t\t\t\t<div class=\"elementor-divider\">\n\t\t\t<span class=\"elementor-divider-separator\">\n\t\t\t\t\t\t<\/span>\n\t\t<\/div>\n\t\t\t\t\t\t<\/div>\n\t\t\t\t<\/div>\n\t\t\t\t<div class=\"elementor-element elementor-element-d678560 elementor-cta--layout-image-above elementor-cta--skin-classic elementor-animated-content elementor-bg-transform elementor-bg-transform-zoom-in elementor-widget elementor-widget-call-to-action\" data-id=\"d678560\" data-element_type=\"widget\" data-e-type=\"widget\" data-widget_type=\"call-to-action.default\">\n\t\t\t\t<div class=\"elementor-widget-container\">\n\t\t\t\t\t\t\t<div class=\"elementor-cta\">\n\t\t\t\t\t<div class=\"elementor-cta__bg-wrapper\">\n\t\t\t\t<div class=\"elementor-cta__bg elementor-bg\" style=\"background-image: url(https:\/\/finanzasconfiables.com\/wp-content\/uploads\/2025\/10\/WhatsApp-Image-2025-10-22-at-5.12.59-PM-1536x398.jpeg);\" role=\"img\" aria-label=\"WhatsApp Image 2025-10-22 at 5.12.59 PM\"><\/div>\n\t\t\t\t<div class=\"elementor-cta__bg-overlay\"><\/div>\n\t\t\t<\/div>\n\t\t\t\t\t\t\t<div class=\"elementor-cta__content\">\n\t\t\t\t\n\t\t\t\t\t\t\t\t\t<h2 class=\"elementor-cta__title elementor-cta__content-item elementor-content-item\">\n\t\t\t\t\t\tMaestr\u00eda en Innovaci\u00f3n Financiera e Impuestos\t\t\t\t\t<\/h2>\n\t\t\t\t\n\t\t\t\t\t\t\t\t\t<div class=\"elementor-cta__description elementor-cta__content-item elementor-content-item\">\n\t\t\t\t\t\tCon\u00f3cela aqu\u00ed \ud83d\udc47\t\t\t\t\t<\/div>\n\t\t\t\t\n\t\t\t\t\t\t\t\t\t<div class=\"elementor-cta__button-wrapper elementor-cta__content-item elementor-content-item\">\n\t\t\t\t\t<a class=\"elementor-cta__button elementor-button elementor-size-\" href=\"https:\/\/universidadinnovacion.edu.mx\/\">\n\t\t\t\t\t\tVisitar sitio de la universidad\u201d\t\t\t\t\t<\/a>\n\t\t\t\t\t<\/div>\n\t\t\t\t\t\t\t<\/div>\n\t\t\t\t\t\t\t<div class=\"elementor-ribbon elementor-ribbon-left\">\n\t\t\t\t<div class=\"elementor-ribbon-inner\">\n\t\t\t\t\tPROXIMAMENTE\t\t\t\t<\/div>\n\t\t\t<\/div>\n\t\t\t\t<\/div>\n\t\t\t\t\t\t<\/div>\n\t\t\t\t<\/div>\n\t\t\t\t<div class=\"elementor-element elementor-element-c34465e elementor-button-success elementor-align-justify elementor-widget elementor-widget-button\" data-id=\"c34465e\" data-element_type=\"widget\" data-e-type=\"widget\" data-widget_type=\"button.default\">\n\t\t\t\t<div class=\"elementor-widget-container\">\n\t\t\t\t\t\t\t\t\t<div class=\"elementor-button-wrapper\">\n\t\t\t\t\t<a class=\"elementor-button elementor-button-link elementor-size-sm\" href=\"https:\/\/finanzasconfiables.com\/eng\/maestria-en-innovacion-financiera-e-impuestos\/\">\n\t\t\t\t\t\t<span class=\"elementor-button-content-wrapper\">\n\t\t\t\t\t\t<span class=\"elementor-button-icon\">\n\t\t\t\t<svg xmlns=\"http:\/\/www.w3.org\/2000\/svg\" viewbox=\"0 0 500 500\" width=\"500\" height=\"500\"><style>.a{fill:#fff}<\/style><path class=\"a\" d=\"m321.5 37.1c-3.9 0.5-11.3 2.1-16.5 3.5-5.2 1.4-13.6 4.5-18.5 6.9-4.9 2.4-12.1 6.8-15.9 9.7-3.8 2.9-9 8-11.6 11.3-2.5 3.3-5.6 8.7-6.9 12-1.3 3.3-2.5 8.5-2.8 11.5-0.4 3.6 0 7.5 1.2 11.5 0.9 3.3 2.9 8.2 4.3 10.9 1.5 2.7 5.9 7.9 9.8 11.5 4.4 4.1 9.8 8 14.5 10.3 4.1 2 10.1 4.4 13.4 5.5 4.8 1.4 9.3 1.8 23 1.8 13.7 0 18.2-0.4 23-1.8 3.3-1.1 10.1-3.8 15-6.2 4.9-2.4 12.1-6.8 16-9.7 3.8-2.9 9.3-8.2 12.3-11.8 3-3.6 7.2-10.1 9.3-14.5 2.2-4.6 4.2-10.9 4.9-15 0.6-3.8 0.8-9 0.5-11.5-0.4-2.5-1.7-6.9-3.1-9.8-1.3-2.8-4.4-7.3-6.8-10-2.4-2.6-7-6.1-10.2-7.9-3.3-1.7-10-4.3-14.9-5.8-6.8-1.9-12-2.7-21-3-6.6-0.2-15.1 0-19 0.6zm8 129.7c-3.3 1-8.9 3.2-12.5 4.9-3.6 1.8-9.4 5.8-12.9 9-3.5 3.2-8.3 8.5-10.7 11.8-2.3 3.3-5.8 9.6-7.7 14-1.9 4.4-4.2 10.2-5.1 13-0.8 2.7-2.4 8.8-3.5 13.5-1.1 4.7-2.7 14.8-3.6 22.5-0.9 7.7-2 23.2-2.5 34.5-0.5 11.3-1 29.3-1 40 0 10.7-0.5 22.9-1 27-0.6 4.1-1.4 9.9-2 12.7l-1 5.3c-4.9-1.9-8.4-4.8-10.9-7.5-2.5-2.8-6.7-9.1-9.3-14-2.5-5-6.2-13.5-8.1-19-1.9-5.5-5.8-20.4-8.6-33-2.9-12.6-7-28.9-9.2-36-2.3-7.1-6.1-17.1-8.5-22-2.4-4.9-6.4-11.5-8.9-14.5-2.4-3-7.3-7.4-10.7-9.7-3.6-2.4-8.9-4.9-12.3-5.8-3.3-0.8-9.6-1.5-14-1.5-4.4 0-11.8 0.7-16.5 1.6-5.2 0.9-11.4 3-16 5.2-4.5 2.2-10 6.1-13.9 9.7-3.5 3.3-8.1 8.9-10.2 12.5-2.1 3.6-5.2 10.3-6.8 15-1.6 4.7-3.4 12-4 16.2-0.6 4.3-1.1 12-1.1 17 0 5.1 0.5 13.1 1 17.8 0.6 4.7 2.2 13.4 3.7 19.5 1.4 6.1 4.5 16.6 7 23.5 2.4 6.9 7.9 19.7 12.2 28.5 4.3 8.8 10.6 20.1 13.8 25 3.3 4.9 10.1 13.7 15.1 19.5 4.9 5.8 12.1 13 15.9 16.1 3.7 3.1 10.9 8.2 15.8 11.4 4.9 3.2 13.3 7.7 18.5 10.1 5.2 2.4 14.9 5.7 21.5 7.5 10.4 2.8 14.1 3.2 28 3.6 11.8 0.4 18.4 0.1 25-1.1 4.9-0.8 13.1-2.7 18-4.1 4.9-1.5 12.6-4.2 17-6.2 4.4-2 11.4-5.5 15.5-8 4.1-2.4 10.6-6.7 14.5-9.5 3.9-2.9 11.7-10 17.5-15.8 5.8-5.8 13.5-14.8 17.2-20 3.7-5.2 9.6-15.1 13.1-22 3.6-6.9 8.1-17.2 10.1-23 2.1-5.8 5.5-17.5 7.7-26 2.2-8.5 5.2-22.9 6.7-32 2.2-14.3 2.6-19.6 2.6-39.5 0-20.8-0.2-24.2-2.6-35.5-1.4-6.9-4-16.1-5.7-20.5-1.8-4.4-5.1-11.1-7.4-15-2.3-3.8-7-9.7-10.5-13.2-4.5-4.6-8.6-7.5-14.9-10.6l-8.6-4.2c-26.2-0.4-30.4-0.1-35.2 1.3z\"><\/path><\/svg>\t\t\t<\/span>\n\t\t\t\t\t\t\t\t\t<span class=\"elementor-button-text\">INFORMACI\u00d3N DE LA MAESTR\u00cdA<\/span>\n\t\t\t\t\t<\/span>\n\t\t\t\t\t<\/a>\n\t\t\t\t<\/div>\n\t\t\t\t\t\t\t\t<\/div>\n\t\t\t\t<\/div>\n\t\t<div class=\"elementor-element elementor-element-6e950e3 e-con-full e-flex e-con e-child\" data-id=\"6e950e3\" data-element_type=\"container\" data-e-type=\"container\">\n\t\t<div class=\"elementor-element elementor-element-a6e4d30 e-con-full e-flex e-con e-child\" data-id=\"a6e4d30\" data-element_type=\"container\" data-e-type=\"container\">\n\t\t\t\t<div class=\"elementor-element elementor-element-cb83af9 elementor-widget elementor-widget-image\" data-id=\"cb83af9\" data-element_type=\"widget\" data-e-type=\"widget\" data-widget_type=\"image.default\">\n\t\t\t\t<div class=\"elementor-widget-container\">\n\t\t\t\t\t\t\t\t\t\t\t\t\t\t\t<img fetchpriority=\"high\" decoding=\"async\" width=\"960\" height=\"1280\" src=\"https:\/\/finanzasconfiables.com\/wp-content\/uploads\/2025\/10\/WhatsApp-Image-2025-10-24-at-2.56.32-PM-1.jpeg\" class=\"attachment-large size-large wp-image-12059\" alt=\"\" srcset=\"https:\/\/finanzasconfiables.com\/wp-content\/uploads\/2025\/10\/WhatsApp-Image-2025-10-24-at-2.56.32-PM-1.jpeg 960w, https:\/\/finanzasconfiables.com\/wp-content\/uploads\/2025\/10\/WhatsApp-Image-2025-10-24-at-2.56.32-PM-1-768x1024.jpeg 768w, https:\/\/finanzasconfiables.com\/wp-content\/uploads\/2025\/10\/WhatsApp-Image-2025-10-24-at-2.56.32-PM-1-9x12.jpeg 9w, https:\/\/finanzasconfiables.com\/wp-content\/uploads\/2025\/10\/WhatsApp-Image-2025-10-24-at-2.56.32-PM-1-300x400.jpeg 300w, https:\/\/finanzasconfiables.com\/wp-content\/uploads\/2025\/10\/WhatsApp-Image-2025-10-24-at-2.56.32-PM-1-600x800.jpeg 600w\" sizes=\"(max-width: 960px) 100vw, 960px\" \/>\t\t\t\t\t\t\t\t\t\t\t\t\t\t\t<\/div>\n\t\t\t\t<\/div>\n\t\t\t\t<\/div>\n\t\t<div class=\"elementor-element elementor-element-30bfa94 e-con-full e-flex e-con e-child\" data-id=\"30bfa94\" data-element_type=\"container\" data-e-type=\"container\">\n\t\t\t\t<div class=\"elementor-element elementor-element-7f44a93 elementor-widget elementor-widget-heading\" data-id=\"7f44a93\" data-element_type=\"widget\" data-e-type=\"widget\" data-widget_type=\"heading.default\">\n\t\t\t\t<div class=\"elementor-widget-container\">\n\t\t\t\t\t<h2 class=\"elementor-heading-title elementor-size-default\">Coordinador de la Maestr\u00eda.<\/h2>\t\t\t\t<\/div>\n\t\t\t\t<\/div>\n\t\t\t\t<div class=\"elementor-element elementor-element-332e72f elementor-widget elementor-widget-heading\" data-id=\"332e72f\" data-element_type=\"widget\" data-e-type=\"widget\" data-widget_type=\"heading.default\">\n\t\t\t\t<div class=\"elementor-widget-container\">\n\t\t\t\t\t<h5 class=\"elementor-heading-title elementor-size-default\">Francisco Javier Cueto Jim\u00e9nez <\/h5>\t\t\t\t<\/div>\n\t\t\t\t<\/div>\n\t\t\t\t<div class=\"elementor-element elementor-element-a239f80 elementor-widget elementor-widget-heading\" data-id=\"a239f80\" data-element_type=\"widget\" data-e-type=\"widget\" data-widget_type=\"heading.default\">\n\t\t\t\t<div class=\"elementor-widget-container\">\n\t\t\t\t\t<h6 class=\"elementor-heading-title elementor-size-default\">Licenciado en Contadur\u00eda P\u00fablica y Maestr\u00eda en An\u00e1lisis Tributario <\/h6>\t\t\t\t<\/div>\n\t\t\t\t<\/div>\n\t\t\t\t<div class=\"elementor-element elementor-element-89e5618 elementor-widget elementor-widget-text-editor\" data-id=\"89e5618\" data-element_type=\"widget\" data-e-type=\"widget\" data-widget_type=\"text-editor.default\">\n\t\t\t\t<div class=\"elementor-widget-container\">\n\t\t\t\t\t\t\t\t\t<ul><li>Diplomado en Normas de Informaci\u00f3n Financiera<\/li><li>Diplomado en Normas internacionales de informaci\u00f3n financiera<\/li><li>Diplomado en educaci\u00f3n por competencias<\/li><li>Docente a nivel licenciatura y maestr\u00eda por m\u00e1s de 5 a\u00f1os<\/li><li>Experiencia profesional de 8 a\u00f1os en empresas internacionales y grandes contribuyentes como Contador general, Jefe de impuestos y Contralor financiero<\/li><li>Experiencia acad\u00e9mica en sector p\u00fablico como Docente y administrativo en Universidad de Guadalajara.<\/li><\/ul>\t\t\t\t\t\t\t\t<\/div>\n\t\t\t\t<\/div>\n\t\t\t\t<\/div>\n\t\t\t\t<\/div>\n\t\t\t\t<div class=\"elementor-element elementor-element-172bb07 elementor-align-center elementor-widget elementor-widget-button\" data-id=\"172bb07\" data-element_type=\"widget\" data-e-type=\"widget\" data-widget_type=\"button.default\">\n\t\t\t\t<div class=\"elementor-widget-container\">\n\t\t\t\t\t\t\t\t\t<div class=\"elementor-button-wrapper\">\n\t\t\t\t\t<a class=\"elementor-button elementor-button-link elementor-size-sm\" href=\"https:\/\/finanzasconfiables.com\/wp-content\/uploads\/2026\/01\/Maestria-final.pdf\" target=\"_blank\">\n\t\t\t\t\t\t<span class=\"elementor-button-content-wrapper\">\n\t\t\t\t\t\t<span class=\"elementor-button-icon\">\n\t\t\t\t<svg aria-hidden=\"true\" class=\"e-font-icon-svg e-fas-download\" viewbox=\"0 0 512 512\" xmlns=\"http:\/\/www.w3.org\/2000\/svg\"><path d=\"M216 0h80c13.3 0 24 10.7 24 24v168h87.7c17.8 0 26.7 21.5 14.1 34.1L269.7 378.3c-7.5 7.5-19.8 7.5-27.3 0L90.1 226.1c-12.6-12.6-3.7-34.1 14.1-34.1H192V24c0-13.3 10.7-24 24-24zm296 376v112c0 13.3-10.7 24-24 24H24c-13.3 0-24-10.7-24-24V376c0-13.3 10.7-24 24-24h146.7l49 49c20.1 20.1 52.5 20.1 72.6 0l49-49H488c13.3 0 24 10.7 24 24zm-124 88c0-11-9-20-20-20s-20 9-20 20 9 20 20 20 20-9 20-20zm64 0c0-11-9-20-20-20s-20 9-20 20 9 20 20 20 20-9 20-20z\"><\/path><\/svg>\t\t\t<\/span>\n\t\t\t\t\t\t\t\t\t<span class=\"elementor-button-text\">Descargar Brochure<\/span>\n\t\t\t\t\t<\/span>\n\t\t\t\t\t<\/a>\n\t\t\t\t<\/div>\n\t\t\t\t\t\t\t\t<\/div>\n\t\t\t\t<\/div>\n\t\t\t\t<div class=\"elementor-element elementor-element-923408c elementor-widget elementor-widget-heading\" data-id=\"923408c\" data-element_type=\"widget\" data-e-type=\"widget\" data-widget_type=\"heading.default\">\n\t\t\t\t<div class=\"elementor-widget-container\">\n\t\t\t\t\t<h2 class=\"elementor-heading-title elementor-size-default\">\u00bfTe interesa? D\u00e9janos tus datos.<\/h2>\t\t\t\t<\/div>\n\t\t\t\t<\/div>\n\t\t\t\t\t<\/div>\n\t\t\t\t<\/div>\n\t\t<div class=\"elementor-element elementor-element-3418069 e-flex e-con-boxed e-con e-parent\" data-id=\"3418069\" data-element_type=\"container\" data-e-type=\"container\">\n\t\t\t\t\t<div class=\"e-con-inner\">\n\t\t\t\t<div class=\"elementor-element elementor-element-12b7380 wk-form-button-custom elementor-widget__width-initial elementor-widget elementor-widget-widgetkit-for-elementor-contact-form\" data-id=\"12b7380\" data-element_type=\"widget\" data-e-type=\"widget\" data-widget_type=\"widgetkit-for-elementor-contact-form.default\">\n\t\t\t\t<div class=\"elementor-widget-container\">\n\t\t\t\t\t\r\n        <div class=\"wk-contact-form button-center  wk-submit-button-custom\">\r\n                                                <div class=\"wpforms-container wpforms-container-full\" id=\"wpforms-331\"><form id=\"wpforms-form-331\" class=\"wpforms-validate wpforms-form wpforms-ajax-form\" data-formid=\"331\" method=\"post\" enctype=\"multipart\/form-data\" action=\"\/eng\/wp-json\/wp\/v2\/pages\/11992\" data-token=\"859233c9b68c1d5ae4c3b986803a456c\" data-trp-original-action=\"\/eng\/wp-json\/wp\/v2\/pages\/11992\"><noscript class=\"wpforms-error-noscript\">Please enable JavaScript in your browser to complete this form.<\/noscript><div class=\"wpforms-field-container\"><div id=\"wpforms-331-field_1-container\" class=\"wpforms-field wpforms-field-name\" data-field-id=\"1\"><label class=\"wpforms-field-label\" for=\"wpforms-331-field_1\">Nombre Completo <span class=\"wpforms-required-label\">*<\/span><\/label><input type=\"text\" id=\"wpforms-331-field_1\" class=\"wpforms-field-medium wpforms-field-required\" name=\"wpforms[fields][1]\" placeholder=\"Full Name\" required><\/div><div id=\"wpforms-331-field_3-container\" class=\"wpforms-field wpforms-field-email\" data-field-id=\"3\"><label class=\"wpforms-field-label\" for=\"wpforms-331-field_3\">Correo electr\u00f3nico: <span class=\"wpforms-required-label\">*<\/span><\/label><input type=\"email\" id=\"wpforms-331-field_3\" class=\"wpforms-field-small wpforms-field-required\" name=\"wpforms[fields][3]\" placeholder=\"Email\" required><\/div><div id=\"wpforms-331-field_2-container\" class=\"wpforms-field wpforms-field-number\" data-field-id=\"2\"><label class=\"wpforms-field-label\" for=\"wpforms-331-field_2\">Tel\u00e9fono\/WhatsApp <span class=\"wpforms-required-label\">*<\/span><\/label><input type=\"number\" pattern=\"\\d*\" id=\"wpforms-331-field_2\" class=\"wpforms-field-small wpforms-field-required\" name=\"wpforms[fields][2]\" placeholder=\"Phone\/WhatsApp\" required><\/div><div id=\"wpforms-331-field_10-container\" class=\"wpforms-field wpforms-field-select wpforms-field-select-style-classic\" data-field-id=\"10\"><label class=\"wpforms-field-label\" for=\"wpforms-331-field_10\">Selecciona tu programa de estudios: <span class=\"wpforms-required-label\">*<\/span><\/label><select id=\"wpforms-331-field_10\" class=\"wpforms-field-medium wpforms-field-required\" name=\"wpforms[fields][10]\" required=\"required\"><option value=\"Maestr\u00eda en Innovaci\u00f3n Financiera e Impuestos\" >Maestr\u00eda en Innovaci\u00f3n Financiera e Impuestos<\/option><\/select><\/div><\/div><div class=\"wpforms-submit-container\"><input type=\"hidden\" name=\"wpforms[id]\" value=\"331\"><input type=\"hidden\" name=\"wpforms[author]\" value=\"330\"><button type=\"submit\" name=\"wpforms[submit]\" id=\"wpforms-submit-331\" class=\"wpforms-submit\" data-alt-text=\"Enviando...\" data-submit-text=\"Enviar\" aria-live=\"assertive\" value=\"wpforms-submit\">Enviar<\/button><img decoding=\"async\" src=\"https:\/\/finanzasconfiables.com\/wp-content\/plugins\/wpforms\/assets\/images\/submit-spin.svg\" class=\"wpforms-submit-spinner\" style=\"display: none;\" width=\"26\" height=\"26\" alt=\"\"><\/div><input type=\"hidden\" name=\"trp-form-language\" value=\"eng\"\/><\/form><\/div>  <!-- .wpforms-container -->                                    <\/div>\r\n\r\n        <script type=\"text\/javascript\">\r\n            jQuery(function($){\r\n                if(!$('body').hasClass('wk-contact-form')){\r\n                    $('body').addClass('wk-contact-form');\r\n                }\r\n            });\r\n\r\n        <\/script>\r\n\r\n\r\n\r\n\t\t\t\t<\/div>\n\t\t\t\t<\/div>\n\t\t\t\t\t<\/div>\n\t\t\t\t<\/div>\n\t\t\t\t<\/div>","protected":false},"excerpt":{"rendered":"<p>\ud83d\udcd8 PR\u00d3XIMAMENTE &#8220;Espera nuestra maestr\u00eda en colaboraci\u00f3n con nuestro aliado.&#8221; Maestr\u00eda en Innovaci\u00f3n Financiera e Impuestos Con\u00f3cela aqu\u00ed \ud83d\udc47 Visitar [&hellip;]<\/p>","protected":false},"author":330,"featured_media":0,"parent":0,"menu_order":0,"comment_status":"closed","ping_status":"closed","template":"","meta":{"footnotes":""},"class_list":["post-11992","page","type-page","status-publish","hentry"],"yoast_head":"<!-- This site is optimized with the Yoast SEO plugin v27.5 - https:\/\/yoast.com\/product\/yoast-seo-wordpress\/ -->\n<title>- Finanzas Confiables<\/title>\n<meta name=\"robots\" content=\"index, follow, max-snippet:-1, max-image-preview:large, max-video-preview:-1\" \/>\n<link rel=\"canonical\" href=\"https:\/\/finanzasconfiables.com\/eng\/posgrados\/\" \/>\n<meta property=\"og:locale\" content=\"en_US\" \/>\n<meta property=\"og:type\" content=\"article\" \/>\n<meta property=\"og:title\" content=\"- Finanzas Confiables\" \/>\n<meta property=\"og:description\" content=\"\ud83d\udcd8 PR\u00d3XIMAMENTE &#8220;Espera nuestra maestr\u00eda en colaboraci\u00f3n con nuestro aliado.&#8221; Maestr\u00eda en Innovaci\u00f3n Financiera e Impuestos Con\u00f3cela aqu\u00ed \ud83d\udc47 Visitar [&hellip;]\" \/>\n<meta property=\"og:url\" content=\"https:\/\/finanzasconfiables.com\/eng\/posgrados\/\" \/>\n<meta property=\"og:site_name\" content=\"Finanzas Confiables\" \/>\n<meta property=\"article:publisher\" content=\"https:\/\/www.facebook.com\/FinanzasCapacitacion\" \/>\n<meta property=\"article:modified_time\" content=\"2026-01-15T19:18:05+00:00\" \/>\n<meta property=\"og:image\" content=\"https:\/\/finanzasconfiables.com\/wp-content\/uploads\/2025\/10\/WhatsApp-Image-2025-10-24-at-2.56.32-PM-1.jpeg\" \/>\n<meta name=\"twitter:card\" content=\"summary_large_image\" \/>\n<meta name=\"twitter:label1\" content=\"Est. reading time\" \/>\n\t<meta name=\"twitter:data1\" content=\"2 minutes\" \/>\n<script type=\"application\/ld+json\" class=\"yoast-schema-graph\">{\"@context\":\"https:\\\/\\\/schema.org\",\"@graph\":[{\"@type\":\"WebPage\",\"@id\":\"https:\\\/\\\/finanzasconfiables.com\\\/eng\\\/posgrados\\\/\",\"url\":\"https:\\\/\\\/finanzasconfiables.com\\\/eng\\\/posgrados\\\/\",\"name\":\"- Finanzas Confiables\",\"isPartOf\":{\"@id\":\"https:\\\/\\\/finanzasconfiables.com\\\/#website\"},\"primaryImageOfPage\":{\"@id\":\"https:\\\/\\\/finanzasconfiables.com\\\/eng\\\/posgrados\\\/#primaryimage\"},\"image\":{\"@id\":\"https:\\\/\\\/finanzasconfiables.com\\\/eng\\\/posgrados\\\/#primaryimage\"},\"thumbnailUrl\":\"https:\\\/\\\/finanzasconfiables.com\\\/wp-content\\\/uploads\\\/2025\\\/10\\\/WhatsApp-Image-2025-10-24-at-2.56.32-PM-1.jpeg\",\"datePublished\":\"2025-10-22T16:32:24+00:00\",\"dateModified\":\"2026-01-15T19:18:05+00:00\",\"inLanguage\":\"en-US\",\"potentialAction\":[{\"@type\":\"ReadAction\",\"target\":[\"https:\\\/\\\/finanzasconfiables.com\\\/eng\\\/posgrados\\\/\"]}]},{\"@type\":\"ImageObject\",\"inLanguage\":\"en-US\",\"@id\":\"https:\\\/\\\/finanzasconfiables.com\\\/eng\\\/posgrados\\\/#primaryimage\",\"url\":\"https:\\\/\\\/finanzasconfiables.com\\\/wp-content\\\/uploads\\\/2025\\\/10\\\/WhatsApp-Image-2025-10-24-at-2.56.32-PM-1.jpeg\",\"contentUrl\":\"https:\\\/\\\/finanzasconfiables.com\\\/wp-content\\\/uploads\\\/2025\\\/10\\\/WhatsApp-Image-2025-10-24-at-2.56.32-PM-1.jpeg\"},{\"@type\":\"WebSite\",\"@id\":\"https:\\\/\\\/finanzasconfiables.com\\\/#website\",\"url\":\"https:\\\/\\\/finanzasconfiables.com\\\/\",\"name\":\"Finanzas Confiables\",\"description\":\"Capacitaci\u00f3n\",\"publisher\":{\"@id\":\"https:\\\/\\\/finanzasconfiables.com\\\/#organization\"},\"alternateName\":\"Contadores y Fiscalistas\",\"potentialAction\":[{\"@type\":\"SearchAction\",\"target\":{\"@type\":\"EntryPoint\",\"urlTemplate\":\"https:\\\/\\\/finanzasconfiables.com\\\/?s={search_term_string}\"},\"query-input\":{\"@type\":\"PropertyValueSpecification\",\"valueRequired\":true,\"valueName\":\"search_term_string\"}}],\"inLanguage\":\"en-US\"},{\"@type\":\"Organization\",\"@id\":\"https:\\\/\\\/finanzasconfiables.com\\\/#organization\",\"name\":\"Finanzas Confiables\",\"url\":\"https:\\\/\\\/finanzasconfiables.com\\\/\",\"logo\":{\"@type\":\"ImageObject\",\"inLanguage\":\"en-US\",\"@id\":\"https:\\\/\\\/finanzasconfiables.com\\\/#\\\/schema\\\/logo\\\/image\\\/\",\"url\":\"https:\\\/\\\/finanzasconfiables.com\\\/wp-content\\\/uploads\\\/2021\\\/12\\\/LOGO-4-FINANZAS-CONFIABLES-1.png\",\"contentUrl\":\"https:\\\/\\\/finanzasconfiables.com\\\/wp-content\\\/uploads\\\/2021\\\/12\\\/LOGO-4-FINANZAS-CONFIABLES-1.png\",\"width\":897,\"height\":598,\"caption\":\"Finanzas Confiables\"},\"image\":{\"@id\":\"https:\\\/\\\/finanzasconfiables.com\\\/#\\\/schema\\\/logo\\\/image\\\/\"},\"sameAs\":[\"https:\\\/\\\/www.facebook.com\\\/FinanzasCapacitacion\",\"https:\\\/\\\/www.instagram.com\\\/finanzasconfiables\\\/\"]}]}<\/script>\n<!-- \/ Yoast SEO plugin. -->","yoast_head_json":{"title":"- Finanzas Confiables","robots":{"index":"index","follow":"follow","max-snippet":"max-snippet:-1","max-image-preview":"max-image-preview:large","max-video-preview":"max-video-preview:-1"},"canonical":"https:\/\/finanzasconfiables.com\/eng\/posgrados\/","og_locale":"en_US","og_type":"article","og_title":"- Finanzas Confiables","og_description":"\ud83d\udcd8 PR\u00d3XIMAMENTE &#8220;Espera nuestra maestr\u00eda en colaboraci\u00f3n con nuestro aliado.&#8221; Maestr\u00eda en Innovaci\u00f3n Financiera e Impuestos Con\u00f3cela aqu\u00ed \ud83d\udc47 Visitar [&hellip;]","og_url":"https:\/\/finanzasconfiables.com\/eng\/posgrados\/","og_site_name":"Finanzas Confiables","article_publisher":"https:\/\/www.facebook.com\/FinanzasCapacitacion","article_modified_time":"2026-01-15T19:18:05+00:00","og_image":[{"url":"https:\/\/finanzasconfiables.com\/wp-content\/uploads\/2025\/10\/WhatsApp-Image-2025-10-24-at-2.56.32-PM-1.jpeg","type":"","width":"","height":""}],"twitter_card":"summary_large_image","twitter_misc":{"Est. reading time":"2 minutes"},"schema":{"@context":"https:\/\/schema.org","@graph":[{"@type":"WebPage","@id":"https:\/\/finanzasconfiables.com\/eng\/posgrados\/","url":"https:\/\/finanzasconfiables.com\/eng\/posgrados\/","name":"- Finanzas Confiables","isPartOf":{"@id":"https:\/\/finanzasconfiables.com\/#website"},"primaryImageOfPage":{"@id":"https:\/\/finanzasconfiables.com\/eng\/posgrados\/#primaryimage"},"image":{"@id":"https:\/\/finanzasconfiables.com\/eng\/posgrados\/#primaryimage"},"thumbnailUrl":"https:\/\/finanzasconfiables.com\/wp-content\/uploads\/2025\/10\/WhatsApp-Image-2025-10-24-at-2.56.32-PM-1.jpeg","datePublished":"2025-10-22T16:32:24+00:00","dateModified":"2026-01-15T19:18:05+00:00","inLanguage":"en-US","potentialAction":[{"@type":"ReadAction","target":["https:\/\/finanzasconfiables.com\/eng\/posgrados\/"]}]},{"@type":"ImageObject","inLanguage":"en-US","@id":"https:\/\/finanzasconfiables.com\/eng\/posgrados\/#primaryimage","url":"https:\/\/finanzasconfiables.com\/wp-content\/uploads\/2025\/10\/WhatsApp-Image-2025-10-24-at-2.56.32-PM-1.jpeg","contentUrl":"https:\/\/finanzasconfiables.com\/wp-content\/uploads\/2025\/10\/WhatsApp-Image-2025-10-24-at-2.56.32-PM-1.jpeg"},{"@type":"WebSite","@id":"https:\/\/finanzasconfiables.com\/#website","url":"https:\/\/finanzasconfiables.com\/","name":"Finanzas Confiables","description":"Capacitaci\u00f3n","publisher":{"@id":"https:\/\/finanzasconfiables.com\/#organization"},"alternateName":"Contadores y Fiscalistas","potentialAction":[{"@type":"SearchAction","target":{"@type":"EntryPoint","urlTemplate":"https:\/\/finanzasconfiables.com\/?s={search_term_string}"},"query-input":{"@type":"PropertyValueSpecification","valueRequired":true,"valueName":"search_term_string"}}],"inLanguage":"en-US"},{"@type":"Organization","@id":"https:\/\/finanzasconfiables.com\/#organization","name":"Finanzas Confiables","url":"https:\/\/finanzasconfiables.com\/","logo":{"@type":"ImageObject","inLanguage":"en-US","@id":"https:\/\/finanzasconfiables.com\/#\/schema\/logo\/image\/","url":"https:\/\/finanzasconfiables.com\/wp-content\/uploads\/2021\/12\/LOGO-4-FINANZAS-CONFIABLES-1.png","contentUrl":"https:\/\/finanzasconfiables.com\/wp-content\/uploads\/2021\/12\/LOGO-4-FINANZAS-CONFIABLES-1.png","width":897,"height":598,"caption":"Finanzas Confiables"},"image":{"@id":"https:\/\/finanzasconfiables.com\/#\/schema\/logo\/image\/"},"sameAs":["https:\/\/www.facebook.com\/FinanzasCapacitacion","https:\/\/www.instagram.com\/finanzasconfiables\/"]}]}},"_links":{"self":[{"href":"https:\/\/finanzasconfiables.com\/eng\/wp-json\/wp\/v2\/pages\/11992","targetHints":{"allow":["GET"]}}],"collection":[{"href":"https:\/\/finanzasconfiables.com\/eng\/wp-json\/wp\/v2\/pages"}],"about":[{"href":"https:\/\/finanzasconfiables.com\/eng\/wp-json\/wp\/v2\/types\/page"}],"author":[{"embeddable":true,"href":"https:\/\/finanzasconfiables.com\/eng\/wp-json\/wp\/v2\/users\/330"}],"replies":[{"embeddable":true,"href":"https:\/\/finanzasconfiables.com\/eng\/wp-json\/wp\/v2\/comments?post=11992"}],"version-history":[{"count":76,"href":"https:\/\/finanzasconfiables.com\/eng\/wp-json\/wp\/v2\/pages\/11992\/revisions"}],"predecessor-version":[{"id":13072,"href":"https:\/\/finanzasconfiables.com\/eng\/wp-json\/wp\/v2\/pages\/11992\/revisions\/13072"}],"wp:attachment":[{"href":"https:\/\/finanzasconfiables.com\/eng\/wp-json\/wp\/v2\/media?parent=11992"}],"curies":[{"name":"wp","href":"https:\/\/api.w.org\/{rel}","templated":true}]}}